{"id":54,"date":"2025-12-29T18:04:23","date_gmt":"2025-12-29T17:04:23","guid":{"rendered":"https:\/\/test2026.zdiar.eu\/specialne-ponuky\/"},"modified":"2025-12-30T15:45:27","modified_gmt":"2025-12-30T14:45:27","slug":"specialne-ponuky","status":"publish","type":"page","link":"https:\/\/test2026.zdiar.eu\/en\/specialne-ponuky\/","title":{"rendered":"\u0160peci\u00e1lne ponuky"},"content":{"rendered":"<div class=\"wp-block-group alignfull is-style-ext-preset--group--natural-1--section has-background-background-color has-background is-layout-constrained wp-block-group-is-layout-constrained\" style=\"margin-top:0;margin-bottom:0;padding-top:var(--wp--preset--spacing--70);padding-bottom:var(--wp--preset--spacing--70)\">\n<div class=\"wp-block-columns alignwide are-vertically-aligned-center is-layout-flex wp-container-core-columns-is-layout-3eeeff7a wp-block-columns-is-layout-flex\">\n<div class=\"wp-block-column is-vertically-aligned-center is-layout-flow wp-block-column-is-layout-flow\">\n<div class=\"wp-block-group alignwide is-vertical is-layout-flex wp-container-core-group-is-layout-5576de17 wp-block-group-is-layout-flex\">\n<figure class=\"wp-block-image size-large wp-duotone-varpresetduotoneprimary-foreground-1\"><img decoding=\"async\" src=\"data:image\/svg+xml;base64,PHN2ZyB4bWxucz0iaHR0cDovL3d3dy53My5vcmcvMjAwMC9zdmciIHdpZHRoPSI2NCIgaGVpZ2h0PSI2NCIgZmlsbD0iIzAwMDAwMCIgdmlld0JveD0iMCAwIDI1NiAyNTYiPjxwYXRoIGQ9Ik0xMTEuNDksNTIuNjNhMTUuOCwxNS44LDAsMCwwLTI2LDUuNzdMMzMsMjAyLjc4QTE1LjgzLDE1LjgzLDAsMCwwLDQ3Ljc2LDIyNGExNiwxNiwwLDAsMCw1LjQ2LTFsMTQ0LjM3LTUyLjVhMTUuOCwxNS44LDAsMCwwLDUuNzgtMjZabS04LjMzLDEzNS4yMS0zNS0zNSwxMy4xNi0zNi4yMSw1OC4wNSw1OC4wNVptLTU1LDIwLDE0LTM4LjQxLDI0LjQ1LDI0LjQ1Wk0xNTYsMTY4LjY0LDg3LjM2LDEwMGwxMy0zNS44Nyw5MS40Myw5MS40M1pNMTYwLDcyYTM3LjgsMzcuOCwwLDAsMSwzLjg0LTE1LjU4QzE2OS4xNCw0NS44MywxNzkuMTQsNDAsMTkyLDQwYzYuNywwLDExLTIuMjksMTMuNjUtNy4yMUEyMiwyMiwwLDAsMCwyMDgsMjMuOTQsOCw4LDAsMCwxLDIyNCwyNGMwLDEyLjg2LTguNTIsMzItMzIsMzItNi43LDAtMTEsMi4yOS0xMy42NSw3LjIxQTIyLDIyLDAsMCwwLDE3Niw3Mi4wNiw4LDgsMCwwLDEsMTYwLDcyWk0xMzYsNDBWMTZhOCw4LDAsMCwxLDE2LDBWNDBhOCw4LDAsMCwxLTE2LDBabTEwMS42Niw4Mi4zNGE4LDgsMCwxLDEtMTEuMzIsMTEuMzFsLTE2LTE2YTgsOCwwLDAsMSwxMS4zMi0xMS4zMlptNC44Ny00Mi43NS0yNCw4YTgsOCwwLDAsMS01LjA2LTE1LjE4bDI0LThhOCw4LDAsMCwxLDUuMDYsMTUuMThaIj48L3BhdGg+PC9zdmc+\" alt=\"\"\/><\/figure>\n\n\n\n<div class=\"wp-block-group is-layout-constrained wp-block-group-is-layout-constrained\">\n<h2 class=\"wp-block-heading\">\u0160peci\u00e1lne ponuky ubytovania v srdci \u017ddiaru<\/h2>\n\n\n\n<p>Dive into our exciting limited-time promotions. Unique and irresistible deals await you. Don\u2019t let these amazing opportunities slip away. Grab your favorites now!<\/p>\n<\/div>\n\n\n\n<div class=\"wp-block-buttons is-layout-flex wp-block-buttons-is-layout-flex\">\n<div class=\"wp-block-button is-style-ext-preset--button--natural-1--button-1\"><a class=\"wp-block-button__link wp-element-button\" href=\"https:\/\/test2026.zdiar.eu\/en\/kontakt\/\">Zistite viac<\/a><\/div>\n<\/div>\n<\/div>\n<\/div>\n\n\n\n<div class=\"wp-block-column is-vertically-aligned-center is-layout-flow wp-block-column-is-layout-flow\">\n<figure class=\"wp-block-image is-style-ext-preset--image--natural-1--image-1--content-left\"><img loading=\"lazy\" decoding=\"async\" width=\"1440\" height=\"961\" class=\"wp-image-82\" src=\"https:\/\/test2026.zdiar.eu\/wp-content\/uploads\/2025\/12\/5b66a3cb85d628222cf21a0a325fd5150f2a8ad0.jpg\" alt=\"\" style=\"aspect-ratio:4\/3;object-fit:cover\" srcset=\"https:\/\/test2026.zdiar.eu\/wp-content\/uploads\/2025\/12\/5b66a3cb85d628222cf21a0a325fd5150f2a8ad0.jpg 1440w, https:\/\/test2026.zdiar.eu\/wp-content\/uploads\/2025\/12\/5b66a3cb85d628222cf21a0a325fd5150f2a8ad0-300x200.jpg 300w, https:\/\/test2026.zdiar.eu\/wp-content\/uploads\/2025\/12\/5b66a3cb85d628222cf21a0a325fd5150f2a8ad0-1024x683.jpg 1024w, https:\/\/test2026.zdiar.eu\/wp-content\/uploads\/2025\/12\/5b66a3cb85d628222cf21a0a325fd5150f2a8ad0-768x513.jpg 768w, https:\/\/test2026.zdiar.eu\/wp-content\/uploads\/2025\/12\/5b66a3cb85d628222cf21a0a325fd5150f2a8ad0-18x12.jpg 18w\" sizes=\"(max-width: 1440px) 100vw, 1440px\" \/><\/figure>\n<\/div>\n<\/div>\n<\/div>\n\n<div class=\"wp-block-group alignfull is-style-ext-preset--group--natural-1--section has-tertiary-background-color has-background is-layout-constrained wp-block-group-is-layout-constrained\" style=\"margin-top:0;margin-bottom:0;padding-top:var(--wp--preset--spacing--70);padding-bottom:var(--wp--preset--spacing--70)\">\n<div class=\"wp-block-media-text alignwide has-media-on-the-right is-stacked-on-mobile is-image-fill-element is-style-ext-preset--media-text--natural-1--card-1 has-background-background-color has-background\"><div class=\"wp-block-media-text__content\">\n<div class=\"wp-block-group alignwide is-vertical is-layout-flex wp-container-core-group-is-layout-581f75c1 wp-block-group-is-layout-flex\" style=\"padding-top:var(--wp--preset--spacing--60);padding-bottom:var(--wp--preset--spacing--60)\">\n<div class=\"wp-block-group is-layout-constrained wp-container-core-group-is-layout-c05df888 wp-block-group-is-layout-constrained\" style=\"padding-top:0;padding-right:0;padding-bottom:0;padding-left:0\">\n<h2 class=\"wp-block-heading\">Jarn\u00fd festival \u013eudov\u00fdch trad\u00edci\u00ed<\/h2>\n\n\n\n<div class=\"wp-block-group is-nowrap is-layout-flex wp-container-core-group-is-layout-bb7004ab wp-block-group-is-layout-flex\" style=\"margin-top:24px;padding-top:0;padding-right:0;padding-bottom:0;padding-left:0\">\n<div class=\"wp-block-group is-nowrap is-layout-flex wp-container-core-group-is-layout-de17298a wp-block-group-is-layout-flex\" style=\"padding-top:0;padding-right:0;padding-bottom:0;padding-left:0\">\n<figure class=\"wp-block-image size-large wp-container-content-c42f3963 wp-duotone-varpresetduotoneprimary-foreground-2\"><img decoding=\"async\" src=\"data:image\/svg+xml;base64,PHN2ZyB4bWxucz0iaHR0cDovL3d3dy53My5vcmcvMjAwMC9zdmciIHdpZHRoPSIyNCIgaGVpZ2h0PSIyNCIgZmlsbD0iIzAwMDAwMCIgdmlld0JveD0iMCAwIDI1NiAyNTYiPjxwYXRoIGQ9Ik0yMDgsMzJIMTg0VjI0YTgsOCwwLDAsMC0xNiwwdjhIODhWMjRhOCw4LDAsMCwwLTE2LDB2OEg0OEExNiwxNiwwLDAsMCwzMiw0OFYyMDhhMTYsMTYsMCwwLDAsMTYsMTZIMjA4YTE2LDE2LDAsMCwwLDE2LTE2VjQ4QTE2LDE2LDAsMCwwLDIwOCwzMlpNNzIsNDh2OGE4LDgsMCwwLDAsMTYsMFY0OGg4MHY4YTgsOCwwLDAsMCwxNiwwVjQ4aDI0VjgwSDQ4VjQ4Wk0yMDgsMjA4SDQ4Vjk2SDIwOFYyMDhabS02OC03NmExMiwxMiwwLDEsMS0xMi0xMkExMiwxMiwwLDAsMSwxNDAsMTMyWm00NCwwYTEyLDEyLDAsMSwxLTEyLTEyQTEyLDEyLDAsMCwxLDE4NCwxMzJaTTk2LDE3MmExMiwxMiwwLDEsMS0xMi0xMkExMiwxMiwwLDAsMSw5NiwxNzJabTQ0LDBhMTIsMTIsMCwxLDEtMTItMTJBMTIsMTIsMCwwLDEsMTQwLDE3MlptNDQsMGExMiwxMiwwLDEsMS0xMi0xMkExMiwxMiwwLDAsMSwxODQsMTcyWiI+PC9wYXRoPjwvc3ZnPg==\" alt=\"\"\/><\/figure>\n\n\n\n<p class=\"wp-container-content-9cfa9a5a\" style=\"font-size:18px\">Term\u00edn:<\/p>\n<\/div>\n\n\n\n<div class=\"wp-block-group is-nowrap is-layout-flex wp-container-core-group-is-layout-de17298a wp-block-group-is-layout-flex\" style=\"padding-top:0;padding-right:0;padding-bottom:0;padding-left:0\">\n<figure class=\"wp-block-image size-large wp-duotone-varpresetduotoneprimary-foreground-3\"><img decoding=\"async\" src=\"data:image\/svg+xml;base64,PHN2ZyB4bWxucz0iaHR0cDovL3d3dy53My5vcmcvMjAwMC9zdmciIHdpZHRoPSIyNCIgaGVpZ2h0PSIyNCIgZmlsbD0iIzAwMDAwMCIgdmlld0JveD0iMCAwIDI1NiAyNTYiPjxwYXRoIGQ9Ik0xMjgsNjRhNDAsNDAsMCwxLDAsNDAsNDBBNDAsNDAsMCwwLDAsMTI4LDY0Wm0wLDY0YTI0LDI0LDAsMSwxLDI0LTI0QTI0LDI0LDAsMCwxLDEyOCwxMjhabTAtMTEyYTg4LjEsODguMSwwLDAsMC04OCw4OGMwLDMxLjQsMTQuNTEsNjQuNjgsNDIsOTYuMjVhMjU0LjE5LDI1NC4xOSwwLDAsMCw0MS40NSwzOC4zLDgsOCwwLDAsMCw5LjE4LDBBMjU0LjE5LDI1NC4xOSwwLDAsMCwxNzQsMjAwLjI1YzI3LjQ1LTMxLjU3LDQyLTY0Ljg1LDQyLTk2LjI1QTg4LjEsODguMSwwLDAsMCwxMjgsMTZabTAsMjA2Yy0xNi41My0xMy03Mi02MC43NS03Mi0xMThhNzIsNzIsMCwwLDEsMTQ0LDBDMjAwLDE2MS4yMywxNDQuNTMsMjA5LDEyOCwyMjJaIj48L3BhdGg+PC9zdmc+\" alt=\"\"\/><\/figure>\n\n\n\n<p class=\"wp-container-content-9cfa9a5a\" style=\"font-size:18px\">Miesto:<\/p>\n<\/div>\n<\/div>\n\n\n\n<p>Za\u017eite neopakovate\u013en\u00fd ve\u010der pln\u00fd tradi\u010dnej hudby, chutn\u00fdch miestnych \u0161pecial\u00edt a priate\u013eskej atmosf\u00e9ry, ktor\u00e1 sp\u00e1ja v\u0161etk\u00fdch milovn\u00edkov pr\u00edrody a kult\u00fary v \u017ddiari.<\/p>\n<\/div>\n\n\n\n<div class=\"wp-block-buttons is-layout-flex wp-block-buttons-is-layout-flex\">\n<div class=\"wp-block-button is-style-ext-preset--button--natural-1--button-1\"><a class=\"wp-block-button__link wp-element-button\" href=\"https:\/\/test2026.zdiar.eu\/en\/domov\/\">Viac inform\u00e1ci\u00ed<\/a><\/div>\n<\/div>\n<\/div>\n<\/div><figure class=\"wp-block-media-text__media\"><img loading=\"lazy\" decoding=\"async\" width=\"1440\" height=\"960\" class=\"wp-image-87 size-full\" src=\"https:\/\/test2026.zdiar.eu\/wp-content\/uploads\/2025\/12\/5993788a7bb15ca3a2036dc2837dbc82d99d50ec.jpg\" alt=\"\" style=\"object-position:50% 50%\" srcset=\"https:\/\/test2026.zdiar.eu\/wp-content\/uploads\/2025\/12\/5993788a7bb15ca3a2036dc2837dbc82d99d50ec.jpg 1440w, https:\/\/test2026.zdiar.eu\/wp-content\/uploads\/2025\/12\/5993788a7bb15ca3a2036dc2837dbc82d99d50ec-300x200.jpg 300w, https:\/\/test2026.zdiar.eu\/wp-content\/uploads\/2025\/12\/5993788a7bb15ca3a2036dc2837dbc82d99d50ec-1024x683.jpg 1024w, https:\/\/test2026.zdiar.eu\/wp-content\/uploads\/2025\/12\/5993788a7bb15ca3a2036dc2837dbc82d99d50ec-768x512.jpg 768w, https:\/\/test2026.zdiar.eu\/wp-content\/uploads\/2025\/12\/5993788a7bb15ca3a2036dc2837dbc82d99d50ec-18x12.jpg 18w\" sizes=\"(max-width: 1440px) 100vw, 1440px\" \/><\/figure><\/div>\n<\/div>\n\n<div class=\"wp-block-group alignfull is-style-ext-preset--group--natural-1--section has-background-background-color has-background is-layout-constrained wp-block-group-is-layout-constrained\" style=\"margin-top:0;margin-bottom:0;padding-top:var(--wp--preset--spacing--70);padding-bottom:var(--wp--preset--spacing--70)\">\n<div class=\"wp-block-columns alignwide is-layout-flex wp-container-core-columns-is-layout-9d6595d7 wp-block-columns-is-layout-flex\">\n<div class=\"wp-block-column is-layout-flow wp-block-column-is-layout-flow\">\n<div class=\"wp-block-group alignwide is-vertical is-content-justification-left is-layout-flex wp-container-core-group-is-layout-4c2060f1 wp-block-group-is-layout-flex\">\n<div class=\"wp-block-group is-layout-constrained wp-container-core-group-is-layout-0f719b4e wp-block-group-is-layout-constrained\">\n<h2 class=\"wp-block-heading has-text-align-left\">\u017ddiar &#8211; objavte \u0161peci\u00e1lne ponuky pre nezabudnute\u013en\u00fa dovolenku<\/h2>\n\n\n\n<p class=\"has-text-align-left\">Preh\u013ead na\u0161ich jedine\u010dn\u00fdch akci\u00ed a bal\u00ed\u010dkov, ktor\u00e9 spr\u00edjemnia v\u00e1\u0161 pobyt v srdci pr\u00edrody.<\/p>\n<\/div>\n<\/div>\n<\/div>\n\n\n\n<div class=\"wp-block-column is-layout-flow wp-block-column-is-layout-flow\" style=\"flex-basis:210px\"><\/div>\n<\/div>\n\n\n\n<div class=\"wp-block-columns alignwide is-layout-flex wp-container-core-columns-is-layout-9d6595d7 wp-block-columns-is-layout-flex\">\n<div class=\"wp-block-column is-vertically-aligned-stretch is-layout-flow wp-block-column-is-layout-flow\">\n<div class=\"wp-block-group is-style-ext-preset--group--natural-1--item-card-1--align-start has-tertiary-background-color has-background is-vertical is-content-justification-stretch is-layout-flex wp-container-core-group-is-layout-3a789c6a wp-block-group-is-layout-flex\" style=\"min-height:100%;padding-top:0;padding-right:0;padding-bottom:0;padding-left:0\">\n<figure class=\"wp-block-image\"><img loading=\"lazy\" decoding=\"async\" width=\"1079\" height=\"1440\" class=\"wp-image-83\" src=\"https:\/\/test2026.zdiar.eu\/wp-content\/uploads\/2025\/12\/6f24928579b5e1a9426e3b9f1e03cea84a24ec7d.jpg\" alt=\"\" style=\"aspect-ratio:1;object-fit:cover\" srcset=\"https:\/\/test2026.zdiar.eu\/wp-content\/uploads\/2025\/12\/6f24928579b5e1a9426e3b9f1e03cea84a24ec7d.jpg 1079w, https:\/\/test2026.zdiar.eu\/wp-content\/uploads\/2025\/12\/6f24928579b5e1a9426e3b9f1e03cea84a24ec7d-225x300.jpg 225w, https:\/\/test2026.zdiar.eu\/wp-content\/uploads\/2025\/12\/6f24928579b5e1a9426e3b9f1e03cea84a24ec7d-767x1024.jpg 767w, https:\/\/test2026.zdiar.eu\/wp-content\/uploads\/2025\/12\/6f24928579b5e1a9426e3b9f1e03cea84a24ec7d-768x1025.jpg 768w, https:\/\/test2026.zdiar.eu\/wp-content\/uploads\/2025\/12\/6f24928579b5e1a9426e3b9f1e03cea84a24ec7d-9x12.jpg 9w\" sizes=\"(max-width: 1079px) 100vw, 1079px\" \/><\/figure>\n\n\n\n<div class=\"wp-block-group is-style-default wp-container-content-9cfa9a5a is-vertical is-content-justification-stretch is-layout-flex wp-container-core-group-is-layout-a33676d3 wp-block-group-is-layout-flex\" style=\"margin-top:0;padding-top:1.5rem;padding-right:1.5rem;padding-bottom:1.5rem;padding-left:1.5rem\">\n<div class=\"wp-block-columns is-not-stacked-on-mobile is-layout-flex wp-container-core-columns-is-layout-56f61851 wp-block-columns-is-layout-flex\">\n<div class=\"wp-block-column is-layout-flow wp-block-column-is-layout-flow\" style=\"flex-basis:66.66%\">\n<h3 class=\"wp-block-heading has-medium-font-size\">Letn\u00fd relax v \u017ddiari<\/h3>\n\n\n\n<p style=\"margin-top:4px;margin-bottom:0;font-size:14px\">Pobytov\u00e9 bal\u00ed\u010dky<\/p>\n<\/div>\n\n\n\n<div class=\"wp-block-column is-layout-flow wp-block-column-is-layout-flow\" style=\"flex-basis:33.33%\">\n<h3 class=\"wp-block-heading has-text-align-right\" style=\"font-size:20px\">89,99 \u20ac<\/h3>\n<\/div>\n<\/div>\n<\/div>\n<\/div>\n<\/div>\n\n\n\n<div class=\"wp-block-column is-vertically-aligned-stretch is-layout-flow wp-block-column-is-layout-flow\">\n<div class=\"wp-block-group is-style-ext-preset--group--natural-1--item-card-1--align-start has-tertiary-background-color has-background is-vertical is-content-justification-stretch is-layout-flex wp-container-core-group-is-layout-3a789c6a wp-block-group-is-layout-flex\" style=\"min-height:100%;padding-top:0;padding-right:0;padding-bottom:0;padding-left:0\">\n<figure class=\"wp-block-image\"><img loading=\"lazy\" decoding=\"async\" width=\"1440\" height=\"954\" class=\"wp-image-85\" src=\"https:\/\/test2026.zdiar.eu\/wp-content\/uploads\/2025\/12\/359444b471610369939c527ddf463229447987ed.jpg\" alt=\"\" style=\"aspect-ratio:1;object-fit:cover\" srcset=\"https:\/\/test2026.zdiar.eu\/wp-content\/uploads\/2025\/12\/359444b471610369939c527ddf463229447987ed.jpg 1440w, https:\/\/test2026.zdiar.eu\/wp-content\/uploads\/2025\/12\/359444b471610369939c527ddf463229447987ed-300x199.jpg 300w, https:\/\/test2026.zdiar.eu\/wp-content\/uploads\/2025\/12\/359444b471610369939c527ddf463229447987ed-1024x678.jpg 1024w, https:\/\/test2026.zdiar.eu\/wp-content\/uploads\/2025\/12\/359444b471610369939c527ddf463229447987ed-768x509.jpg 768w, https:\/\/test2026.zdiar.eu\/wp-content\/uploads\/2025\/12\/359444b471610369939c527ddf463229447987ed-18x12.jpg 18w\" sizes=\"(max-width: 1440px) 100vw, 1440px\" \/><\/figure>\n\n\n\n<div class=\"wp-block-group is-style-default wp-container-content-9cfa9a5a is-vertical is-content-justification-stretch is-layout-flex wp-container-core-group-is-layout-a33676d3 wp-block-group-is-layout-flex\" style=\"margin-top:0;padding-top:1.5rem;padding-right:1.5rem;padding-bottom:1.5rem;padding-left:1.5rem\">\n<div class=\"wp-block-columns is-not-stacked-on-mobile is-layout-flex wp-container-core-columns-is-layout-56f61851 wp-block-columns-is-layout-flex\">\n<div class=\"wp-block-column is-layout-flow wp-block-column-is-layout-flow\" style=\"flex-basis:66.66%\">\n<h3 class=\"wp-block-heading has-medium-font-size\">Gurm\u00e1nsky z\u00e1\u017eitok<\/h3>\n\n\n\n<p style=\"margin-top:4px;margin-bottom:0;font-size:14px\">Kulin\u00e1rske \u0161peciality<\/p>\n<\/div>\n\n\n\n<div class=\"wp-block-column is-layout-flow wp-block-column-is-layout-flow\" style=\"flex-basis:33.33%\">\n<h3 class=\"wp-block-heading has-text-align-right\" style=\"font-size:20px\">49,99 \u20ac<\/h3>\n<\/div>\n<\/div>\n<\/div>\n<\/div>\n<\/div>\n\n\n\n<div class=\"wp-block-column is-vertically-aligned-stretch is-layout-flow wp-block-column-is-layout-flow\">\n<div class=\"wp-block-group is-style-ext-preset--group--natural-1--item-card-1--align-start has-tertiary-background-color has-background is-vertical is-content-justification-stretch is-layout-flex wp-container-core-group-is-layout-3a789c6a wp-block-group-is-layout-flex\" style=\"min-height:100%;padding-top:0;padding-right:0;padding-bottom:0;padding-left:0\">\n<figure class=\"wp-block-image\"><img loading=\"lazy\" decoding=\"async\" width=\"1440\" height=\"892\" class=\"wp-image-91\" src=\"https:\/\/test2026.zdiar.eu\/wp-content\/uploads\/2025\/12\/460b119b87d8102b5e936f964cf2d3c2eaa8d8ed.jpg\" alt=\"\" style=\"aspect-ratio:1;object-fit:cover\" srcset=\"https:\/\/test2026.zdiar.eu\/wp-content\/uploads\/2025\/12\/460b119b87d8102b5e936f964cf2d3c2eaa8d8ed.jpg 1440w, https:\/\/test2026.zdiar.eu\/wp-content\/uploads\/2025\/12\/460b119b87d8102b5e936f964cf2d3c2eaa8d8ed-300x186.jpg 300w, https:\/\/test2026.zdiar.eu\/wp-content\/uploads\/2025\/12\/460b119b87d8102b5e936f964cf2d3c2eaa8d8ed-1024x634.jpg 1024w, https:\/\/test2026.zdiar.eu\/wp-content\/uploads\/2025\/12\/460b119b87d8102b5e936f964cf2d3c2eaa8d8ed-768x476.jpg 768w, https:\/\/test2026.zdiar.eu\/wp-content\/uploads\/2025\/12\/460b119b87d8102b5e936f964cf2d3c2eaa8d8ed-18x12.jpg 18w\" sizes=\"(max-width: 1440px) 100vw, 1440px\" \/><\/figure>\n\n\n\n<div class=\"wp-block-group is-style-default wp-container-content-9cfa9a5a is-vertical is-content-justification-stretch is-layout-flex wp-container-core-group-is-layout-52aaa6b1 wp-block-group-is-layout-flex\" style=\"margin-top:0;padding-top:1.5rem;padding-right:1.5rem;padding-bottom:1.5rem;padding-left:1.5rem\">\n<div class=\"wp-block-columns is-not-stacked-on-mobile is-layout-flex wp-container-core-columns-is-layout-56f61851 wp-block-columns-is-layout-flex\">\n<div class=\"wp-block-column is-layout-flow wp-block-column-is-layout-flow\" style=\"flex-basis:66.66%\">\n<h3 class=\"wp-block-heading has-medium-font-size\">Rodinn\u00fd v\u00edkend<\/h3>\n\n\n\n<p style=\"margin-top:4px;margin-bottom:0;font-size:14px\">Rodinn\u00e9 ponuky<\/p>\n<\/div>\n\n\n\n<div class=\"wp-block-column is-layout-flow wp-block-column-is-layout-flow\" style=\"flex-basis:33.33%\">\n<h3 class=\"wp-block-heading has-text-align-right\" style=\"font-size:20px\">119,99 \u20ac<\/h3>\n<\/div>\n<\/div>\n<\/div>\n<\/div>\n<\/div>\n<\/div>\n<\/div>","protected":false},"excerpt":{"rendered":"<p>\u0160peci\u00e1lne ponuky ubytovania v srdci \u017ddiaru Dive into our exciting limited-time promotions. Unique and irresistible deals await you. Don\u2019t let these amazing opportunities slip away. Grab your favorites now! Jarn\u00fd festival \u013eudov\u00fdch trad\u00edci\u00ed Term\u00edn: Miesto: Za\u017eite neopakovate\u013en\u00fd ve\u010der pln\u00fd tradi\u010dnej hudby, chutn\u00fdch miestnych \u0161pecial\u00edt a priate\u013eskej atmosf\u00e9ry, ktor\u00e1 sp\u00e1ja v\u0161etk\u00fdch milovn\u00edkov pr\u00edrody a kult\u00fary v [&hellip;]<\/p>","protected":false},"author":1,"featured_media":0,"parent":0,"menu_order":0,"comment_status":"closed","ping_status":"closed","template":"","meta":{"_et_pb_use_builder":"","_et_pb_old_content":"","_et_gb_content_width":"1080","_monsterinsights_skip_tracking":false,"_monsterinsights_sitenote_active":false,"_monsterinsights_sitenote_note":"","_monsterinsights_sitenote_category":0,"footnotes":""},"class_list":["post-54","page","type-page","status-publish","hentry"],"aioseo_notices":[],"_links":{"self":[{"href":"https:\/\/test2026.zdiar.eu\/en\/wp-json\/wp\/v2\/pages\/54","targetHints":{"allow":["GET"]}}],"collection":[{"href":"https:\/\/test2026.zdiar.eu\/en\/wp-json\/wp\/v2\/pages"}],"about":[{"href":"https:\/\/test2026.zdiar.eu\/en\/wp-json\/wp\/v2\/types\/page"}],"author":[{"embeddable":true,"href":"https:\/\/test2026.zdiar.eu\/en\/wp-json\/wp\/v2\/users\/1"}],"replies":[{"embeddable":true,"href":"https:\/\/test2026.zdiar.eu\/en\/wp-json\/wp\/v2\/comments?post=54"}],"version-history":[{"count":3,"href":"https:\/\/test2026.zdiar.eu\/en\/wp-json\/wp\/v2\/pages\/54\/revisions"}],"predecessor-version":[{"id":163,"href":"https:\/\/test2026.zdiar.eu\/en\/wp-json\/wp\/v2\/pages\/54\/revisions\/163"}],"wp:attachment":[{"href":"https:\/\/test2026.zdiar.eu\/en\/wp-json\/wp\/v2\/media?parent=54"}],"curies":[{"name":"wp","href":"https:\/\/api.w.org\/{rel}","templated":true}]}}